{"id":16,"date":"2021-04-21T16:24:11","date_gmt":"2021-04-21T14:24:11","guid":{"rendered":"https:\/\/join.lfz.ch\/?page_id=16"},"modified":"2025-08-21T12:08:10","modified_gmt":"2025-08-21T10:08:10","slug":"accueil","status":"publish","type":"page","link":"https:\/\/join.lfz.ch\/en\/","title":{"rendered":"Home"},"content":{"rendered":"<div data-elementor-type=\"wp-page\" data-elementor-id=\"16\" class=\"elementor elementor-16\" data-elementor-post-type=\"page\">\n\t\t\t\t<div class=\"elementor-element elementor-element-180ab89 e-con-full e-flex e-con e-parent\" data-id=\"180ab89\" data-element_type=\"container\" data-settings=\"{&quot;background_background&quot;:&quot;classic&quot;,&quot;shape_divider_top&quot;:&quot;tilt&quot;,&quot;shape_divider_bottom&quot;:&quot;tilt&quot;,&quot;jet_parallax_layout_list&quot;:[]}\">\n\t\t\t\t<div class=\"elementor-shape elementor-shape-top\" aria-hidden=\"true\" data-negative=\"false\">\n\t\t\t<svg xmlns=\"http:\/\/www.w3.org\/2000\/svg\" viewbox=\"0 0 1000 100\" preserveaspectratio=\"none\">\n\t<path class=\"elementor-shape-fill\" d=\"M0,6V0h1000v100L0,6z\"\/>\n<\/svg>\t\t<\/div>\n\t\t\t\t<div class=\"elementor-shape elementor-shape-bottom\" aria-hidden=\"true\" data-negative=\"false\">\n\t\t\t<svg xmlns=\"http:\/\/www.w3.org\/2000\/svg\" viewbox=\"0 0 1000 100\" preserveaspectratio=\"none\">\n\t<path class=\"elementor-shape-fill\" d=\"M0,6V0h1000v100L0,6z\"\/>\n<\/svg>\t\t<\/div>\n\t\t<div class=\"elementor-element elementor-element-406bc21 e-con-full e-flex e-con e-child\" data-id=\"406bc21\" data-element_type=\"container\" data-settings=\"{&quot;jet_parallax_layout_list&quot;:[]}\">\n\t\t\t\t<div class=\"elementor-element elementor-element-b16e3ea elementor-widget elementor-widget-heading\" data-id=\"b16e3ea\" data-element_type=\"widget\" data-widget_type=\"heading.default\">\n\t\t\t\t<div class=\"elementor-widget-container\">\n\t\t\t\t\t<h1 class=\"elementor-heading-title elementor-size-default\">Bienvenue\u00a0!<\/h1>\t\t\t\t<\/div>\n\t\t\t\t<\/div>\n\t\t\t\t<div class=\"elementor-element elementor-element-16dd8e7 elementor-widget elementor-widget-heading\" data-id=\"16dd8e7\" data-element_type=\"widget\" data-widget_type=\"heading.default\">\n\t\t\t\t<div class=\"elementor-widget-container\">\n\t\t\t\t\t<h1 class=\"elementor-heading-title elementor-size-default\">Welcome!<\/h1>\t\t\t\t<\/div>\n\t\t\t\t<\/div>\n\t\t\t\t<div class=\"elementor-element elementor-element-7422a60 elementor-widget-mobile__width-inherit elementor-widget elementor-widget-heading\" data-id=\"7422a60\" data-element_type=\"widget\" data-widget_type=\"heading.default\">\n\t\t\t\t<div class=\"elementor-widget-container\">\n\t\t\t\t\t<h1 class=\"elementor-heading-title elementor-size-default\">Herzlich WillkomMen!<\/h1>\t\t\t\t<\/div>\n\t\t\t\t<\/div>\n\t\t\t\t<div class=\"elementor-element elementor-element-7ddc60d elementor-widget__width-initial elementor-widget-laptop__width-initial elementor-widget elementor-widget-text-editor\" data-id=\"7ddc60d\" data-element_type=\"widget\" data-widget_type=\"text-editor.default\">\n\t\t\t\t<div class=\"elementor-widget-container\">\n\t\t\t\t\t\t\t\t\t<p>The Lyc\u00e9e Fran\u00e7ais becomes <br \/>the Lyc\u00e9e Fran\u00e7ais International de Zurich!<\/p><div class=\"x_elementToProof\">After 70 years, the school is writing in<\/div><div class=\"x_elementToProof\">September 2025 a new chapter in its history, confirming its already vibrant international identity.<\/div>\t\t\t\t\t\t\t\t<\/div>\n\t\t\t\t<\/div>\n\t\t\t\t<\/div>\n\t\t<div class=\"elementor-element elementor-element-feb6cf4 e-con-full e-flex e-con e-child\" data-id=\"feb6cf4\" data-element_type=\"container\" data-settings=\"{&quot;jet_parallax_layout_list&quot;:[]}\">\n\t\t<div class=\"elementor-element elementor-element-9705a0a e-con-full e-flex e-con e-child\" data-id=\"9705a0a\" data-element_type=\"container\" data-settings=\"{&quot;background_background&quot;:&quot;classic&quot;,&quot;jet_parallax_layout_list&quot;:[]}\">\n\t\t<div class=\"elementor-element elementor-element-0995e6c e-con-full e-flex e-con e-child\" data-id=\"0995e6c\" data-element_type=\"container\" data-settings=\"{&quot;jet_parallax_layout_list&quot;:[]}\">\n\t\t\t\t<div class=\"elementor-element elementor-element-f91434c elementor-view-default elementor-widget elementor-widget-icon\" data-id=\"f91434c\" data-element_type=\"widget\" data-widget_type=\"icon.default\">\n\t\t\t\t<div class=\"elementor-widget-container\">\n\t\t\t\t\t\t\t<div class=\"elementor-icon-wrapper\">\n\t\t\t<div class=\"elementor-icon\">\n\t\t\t<svg xmlns=\"http:\/\/www.w3.org\/2000\/svg\" id=\"Calque_1\" data-name=\"Calque 1\" viewbox=\"0 0 595.28 624.35\"><path d=\"M399.43,579.71c11.57-.03,21.69-7.78,24.74-18.94l23.59-88.08,89.34-23.88c13.61-3.7,21.67-17.71,18.05-31.33l-46.32-172.65,3.67-13.65c3.32-12.57-3.32-25.63-15.43-30.36l-20.86-77.86c-3.73-13.6-17.7-21.67-31.35-18.12l-152.36,40.87-127.76-34.25c-5.24-1.44-10.8-1.14-15.85.86l-31.92-31.86c-10.76-10.86-26.5-15.13-41.27-11.2-14.77,3.93-26.3,15.46-30.24,30.23s.33,30.51,11.18,41.27l58.17,58.17L45.11,459.13c-3.65,13.64,4.42,27.67,18.05,31.38l329.63,88.32c2.16.59,4.4.89,6.64.89ZM538.63,421.89c1.21,4.53-1.46,9.18-5.97,10.43l-79.8,21.33,47.1-175.83,38.67,144.08ZM449.21,121.34c2.2-.6,4.55-.3,6.52.84,1.97,1.14,3.41,3.02,3.98,5.22l18.2,67.98-152.47-40.85,123.77-33.19ZM302.48,326.34l-43.07-14.36,28.71-28.74,14.36,43.07v.03ZM267.76,279.52l-72.39-72.39c-3.33-3.33-8.74-3.33-12.07,0-3.33,3.33-3.33,8.74,0,12.07l72.39,72.37-12.06,12.07-120.65-120.65,12.06-12.06,24.12,24.13c2.16,2.16,5.3,3,8.25,2.21,2.94-.79,5.24-3.09,6.03-6.03s-.05-6.09-2.21-8.24l-24.13-24.13,12.06-12.07,120.63,120.65-12.06,12.07ZM98.86,158.87l36.2-36.2,12.06,12.06-36.19,36.2-12.07-12.06ZM61.2,110.61c0-10.35,6.24-19.69,15.8-23.65,9.57-3.96,20.58-1.77,27.89,5.55l18.1,18.1-36.2,36.2-18.1-18.1c-4.81-4.79-7.51-11.3-7.49-18.09ZM61.6,463.61l67.15-250.72,108.85,108.85c.89.87,1.96,1.53,3.14,1.94.07,0,.12.09.2.12l56.19,18.77c1.75.58,3.59.86,5.44.86,3.21-.01,6.36-.94,9.06-2.67l98.1,26.34c.72.2,1.47.3,2.22.3,4.28,0,7.9-3.17,8.45-7.42.56-4.24-2.12-8.24-6.25-9.35l-94.69-25.42c-.09-1.45-.35-2.88-.78-4.27l-18.77-56.2c0-.08-.09-.13-.13-.21-.41-1.17-1.07-2.23-1.93-3.12l-131.85-131.91,323.92,86.77c2.19.59,4.06,2.02,5.19,3.98,1.13,1.96,1.44,4.29.85,6.48l-88.28,329.59c-.58,2.19-2.02,4.06-3.98,5.19s-4.3,1.44-6.49.85l-329.59-88.29c-2.19-.59-4.05-2.02-5.19-3.98-1.13-1.96-1.44-4.3-.85-6.48Z\"><\/path><path d=\"M438.47,268.48c4.28,0,7.9-3.18,8.45-7.42.55-4.24-2.12-8.24-6.25-9.35l-121.34-32.51c-2.98-.89-6.19-.09-8.41,2.09-2.21,2.17-3.07,5.38-2.25,8.36.83,2.99,3.22,5.3,6.23,6.02l121.34,32.52c.72.2,1.46.29,2.21.29Z\"><\/path><path d=\"M425.21,317.91c4.28,0,7.9-3.17,8.45-7.42s-2.12-8.24-6.25-9.35l-82.5-22.07c-2.96-.84-6.15-.03-8.34,2.14-2.19,2.17-3.04,5.35-2.22,8.32s3.17,5.27,6.16,6.01l82.5,22.07c.71.19,1.46.29,2.2.29Z\"><\/path><path d=\"M161.98,335.99l-24.74-6.63c-2.97-.87-6.17-.06-8.38,2.11-2.2,2.17-3.06,5.36-2.24,8.34.82,2.98,3.19,5.28,6.19,6.02l24.74,6.64c.73.19,1.47.29,2.22.29,4.28,0,7.9-3.17,8.46-7.42s-2.12-8.25-6.25-9.36Z\"><\/path><path d=\"M406.97,410.46c1.22-4.55-1.48-9.22-6.03-10.44l-189.53-50.77c-4.4-.86-8.71,1.84-9.87,6.16-1.16,4.33,1.23,8.82,5.46,10.27l189.52,50.78c.72.2,1.46.3,2.21.3,3.85,0,7.23-2.58,8.24-6.3Z\"><\/path><path d=\"M148.72,385.43l-24.74-6.63c-4.54-1.19-9.19,1.51-10.41,6.05-1.21,4.54,1.47,9.2,6,10.44l24.74,6.62c.72.2,1.46.3,2.21.3,4.28,0,7.9-3.17,8.46-7.42.56-4.24-2.11-8.25-6.25-9.35h0Z\"><\/path><path d=\"M387.69,449.47l-189.52-50.79c-2.98-.88-6.19-.08-8.41,2.09-2.21,2.18-3.07,5.38-2.25,8.37.83,2.99,3.22,5.29,6.23,6.02l189.52,50.78c.72.2,1.47.3,2.22.3,4.28,0,7.9-3.18,8.45-7.42.55-4.24-2.12-8.24-6.26-9.35Z\"><\/path><\/svg>\t\t\t<\/div>\n\t\t<\/div>\n\t\t\t\t\t\t<\/div>\n\t\t\t\t<\/div>\n\t\t\t\t<div class=\"elementor-element elementor-element-d108324 elementor-widget elementor-widget-jet-headline\" data-id=\"d108324\" data-element_type=\"widget\" data-widget_type=\"jet-headline.default\">\n\t\t\t\t<div class=\"elementor-widget-container\">\n\t\t\t\t\t<h2 class=\"jet-headline jet-headline--direction-vertical\"><span class=\"jet-headline__part jet-headline__first\"><span class=\"jet-headline__label\">Come and<\/span><\/span><span class=\"jet-headline__part jet-headline__second\"><span class=\"jet-headline__label\"> visit us!<\/span><\/span><\/h2>\t\t\t\t<\/div>\n\t\t\t\t<\/div>\n\t\t\t\t<\/div>\n\t\t\t\t<div class=\"elementor-element elementor-element-75b61cb elementor-widget-divider--view-line elementor-widget elementor-widget-divider\" data-id=\"75b61cb\" data-element_type=\"widget\" data-widget_type=\"divider.default\">\n\t\t\t\t<div class=\"elementor-widget-container\">\n\t\t\t\t\t\t\t<div class=\"elementor-divider\">\n\t\t\t<span class=\"elementor-divider-separator\">\n\t\t\t\t\t\t<\/span>\n\t\t<\/div>\n\t\t\t\t\t\t<\/div>\n\t\t\t\t<\/div>\n\t\t<div class=\"elementor-element elementor-element-6db2c79 e-con-full e-flex e-con e-child\" data-id=\"6db2c79\" data-element_type=\"container\" data-settings=\"{&quot;jet_parallax_layout_list&quot;:[]}\">\n\t\t\t\t<div class=\"elementor-element elementor-element-72f142f elementor-align-right elementor-widget elementor-widget-button\" data-id=\"72f142f\" data-element_type=\"widget\" data-widget_type=\"button.default\">\n\t\t\t\t<div class=\"elementor-widget-container\">\n\t\t\t\t\t\t\t\t\t<div class=\"elementor-button-wrapper\">\n\t\t\t\t\t<a class=\"elementor-button elementor-button-link elementor-size-sm\" href=\"https:\/\/lfz.ch\/formulaire-visite-besuch-visit-visita\/\" target=\"_blank\">\n\t\t\t\t\t\t<span class=\"elementor-button-content-wrapper\">\n\t\t\t\t\t\t\t\t\t<span class=\"elementor-button-text\">Book a visit<\/span>\n\t\t\t\t\t<\/span>\n\t\t\t\t\t<\/a>\n\t\t\t\t<\/div>\n\t\t\t\t\t\t\t\t<\/div>\n\t\t\t\t<\/div>\n\t\t\t\t<\/div>\n\t\t\t\t<\/div>\n\t\t\t\t<\/div>\n\t\t\t\t<\/div>\n\t\t<div class=\"elementor-element elementor-element-31a4a4e e-flex e-con-boxed e-con e-parent\" data-id=\"31a4a4e\" data-element_type=\"container\" data-settings=\"{&quot;jet_parallax_layout_list&quot;:[]}\">\n\t\t\t\t\t<div class=\"e-con-inner\">\n\t\t<div class=\"elementor-element elementor-element-980dafa e-con-full e-flex e-con e-child\" data-id=\"980dafa\" data-element_type=\"container\" data-settings=\"{&quot;jet_parallax_layout_list&quot;:[]}\">\n\t\t<div data-pafe-section-link=\"#elementor-action%3Aaction%3Dpopup%3Aopen%26settings%3DeyJpZCI6IjU1OSIsInRvZ2dsZSI6ZmFsc2V9\" data-pafe-section-link-external=\"\" data-pafe-section-link-display=\"flex\" class=\"elementor-element elementor-element-c9a7d90 e-con-full e-flex e-con e-child\" data-id=\"c9a7d90\" data-element_type=\"container\" data-settings=\"{&quot;background_background&quot;:&quot;classic&quot;,&quot;shape_divider_top&quot;:&quot;tilt&quot;,&quot;jet_parallax_layout_list&quot;:[]}\" data-no-translation=\"\">\n\t\t\t\t<div class=\"elementor-shape elementor-shape-top\" aria-hidden=\"true\" data-negative=\"false\">\n\t\t\t<svg xmlns=\"http:\/\/www.w3.org\/2000\/svg\" viewbox=\"0 0 1000 100\" preserveaspectratio=\"none\">\n\t<path class=\"elementor-shape-fill\" d=\"M0,6V0h1000v100L0,6z\"\/>\n<\/svg>\t\t<\/div>\n\t\t\t\t<div class=\"elementor-element elementor-element-d4f25fd elementor-view-default elementor-widget elementor-widget-icon\" data-id=\"d4f25fd\" data-element_type=\"widget\" data-widget_type=\"icon.default\">\n\t\t\t\t<div class=\"elementor-widget-container\">\n\t\t\t\t\t\t\t<div class=\"elementor-icon-wrapper\">\n\t\t\t<div class=\"elementor-icon elementor-animation-shrink\">\n\t\t\t<svg xmlns=\"http:\/\/www.w3.org\/2000\/svg\" id=\"Capa_1\" height=\"512\" viewbox=\"0 0 189.524 189.524\" width=\"512\"><g><g><path clip-rule=\"evenodd\" d=\"m94.762 180.048c47.102 0 85.286-38.183 85.286-85.286 0-47.102-38.183-85.286-85.286-85.286-47.102 0-85.286 38.184-85.286 85.286s38.184 85.286 85.286 85.286zm0 9.476c52.335 0 94.762-42.427 94.762-94.762 0-52.336-42.427-94.762-94.762-94.762-52.336 0-94.762 42.426-94.762 94.762 0 52.335 42.426 94.762 94.762 94.762z\" fill-rule=\"evenodd\"><\/path><\/g><g><path clip-rule=\"evenodd\" d=\"m119.386 94.762-43.577-29.051v58.103zm8.804-5.519c3.939 2.626 3.939 8.413 0 11.039l-51.545 34.364c-4.408 2.939-10.313-.222-10.313-5.52v-68.727c0-5.298 5.905-8.458 10.313-5.519z\" fill-rule=\"evenodd\"><\/path><\/g><\/g><\/svg>\t\t\t<\/div>\n\t\t<\/div>\n\t\t\t\t\t\t<\/div>\n\t\t\t\t<\/div>\n\t\t\t\t<\/div>\n\t\t\t\t<\/div>\n\t\t<div class=\"elementor-element elementor-element-1963c5b e-con-full e-flex e-con e-child\" data-id=\"1963c5b\" data-element_type=\"container\" data-settings=\"{&quot;background_background&quot;:&quot;classic&quot;,&quot;jet_parallax_layout_list&quot;:[]}\">\n\t\t\t\t<div class=\"elementor-element elementor-element-57beea2 elementor-widget__width-initial elementor-widget elementor-widget-heading\" data-id=\"57beea2\" data-element_type=\"widget\" data-widget_type=\"heading.default\">\n\t\t\t\t<div class=\"elementor-widget-container\">\n\t\t\t\t\t<h2 class=\"elementor-heading-title elementor-size-default\">I would like some information for...<\/h2>\t\t\t\t<\/div>\n\t\t\t\t<\/div>\n\t\t<div class=\"elementor-element elementor-element-4b7ce28 e-grid e-con-full e-con e-child\" data-id=\"4b7ce28\" data-element_type=\"container\" data-settings=\"{&quot;jet_parallax_layout_list&quot;:[]}\">\n\t\t<div class=\"elementor-element elementor-element-53114c1 e-con-full e-flex e-con e-child\" data-id=\"53114c1\" data-element_type=\"container\" data-settings=\"{&quot;background_background&quot;:&quot;classic&quot;,&quot;jet_parallax_layout_list&quot;:[]}\">\n\t\t\t\t<div class=\"elementor-element elementor-element-b941a5c elementor-widget elementor-widget-jet-headline\" data-id=\"b941a5c\" data-element_type=\"widget\" data-widget_type=\"jet-headline.default\">\n\t\t\t\t<div class=\"elementor-widget-container\">\n\t\t\t\t\t<h2 class=\"jet-headline jet-headline--direction-vertical\"><span class=\"jet-headline__part jet-headline__first\"><span class=\"jet-headline__label\">my child<\/span><\/span><span class=\"jet-headline__part jet-headline__second\"><span class=\"jet-headline__label\">from 3 to 6 years old<\/span><\/span><\/h2>\t\t\t\t<\/div>\n\t\t\t\t<\/div>\n\t\t\t\t<div class=\"elementor-element elementor-element-e7baddb elementor-align-right elementor-widget elementor-widget-button\" data-id=\"e7baddb\" data-element_type=\"widget\" data-widget_type=\"button.default\">\n\t\t\t\t<div class=\"elementor-widget-container\">\n\t\t\t\t\t\t\t\t\t<div class=\"elementor-button-wrapper\">\n\t\t\t\t\t<a class=\"elementor-button elementor-button-link elementor-size-sm elementor-animation-shrink\" href=\"https:\/\/lfz.ch\/accueil\/maternelle\/\" target=\"_blank\">\n\t\t\t\t\t\t<span class=\"elementor-button-content-wrapper\">\n\t\t\t\t\t\t\t\t\t<span class=\"elementor-button-text\">Show more<\/span>\n\t\t\t\t\t<\/span>\n\t\t\t\t\t<\/a>\n\t\t\t\t<\/div>\n\t\t\t\t\t\t\t\t<\/div>\n\t\t\t\t<\/div>\n\t\t\t\t<\/div>\n\t\t<div class=\"elementor-element elementor-element-2f25d53 e-con-full e-flex e-con e-child\" data-id=\"2f25d53\" data-element_type=\"container\" data-settings=\"{&quot;background_background&quot;:&quot;classic&quot;,&quot;jet_parallax_layout_list&quot;:[]}\">\n\t\t\t\t<div class=\"elementor-element elementor-element-a47552a elementor-widget elementor-widget-jet-headline\" data-id=\"a47552a\" data-element_type=\"widget\" data-widget_type=\"jet-headline.default\">\n\t\t\t\t<div class=\"elementor-widget-container\">\n\t\t\t\t\t<h2 class=\"jet-headline jet-headline--direction-vertical\"><span class=\"jet-headline__part jet-headline__first\"><span class=\"jet-headline__label\">my child<\/span><\/span><span class=\"jet-headline__part jet-headline__second\"><span class=\"jet-headline__label\">from 6 to 10 years old<\/span><\/span><\/h2>\t\t\t\t<\/div>\n\t\t\t\t<\/div>\n\t\t\t\t<div class=\"elementor-element elementor-element-797283e elementor-align-right elementor-widget elementor-widget-button\" data-id=\"797283e\" data-element_type=\"widget\" data-widget_type=\"button.default\">\n\t\t\t\t<div class=\"elementor-widget-container\">\n\t\t\t\t\t\t\t\t\t<div class=\"elementor-button-wrapper\">\n\t\t\t\t\t<a class=\"elementor-button elementor-button-link elementor-size-sm elementor-animation-shrink\" href=\"https:\/\/lfz.ch\/accueil\/elementaire\/\" target=\"_blank\">\n\t\t\t\t\t\t<span class=\"elementor-button-content-wrapper\">\n\t\t\t\t\t\t\t\t\t<span class=\"elementor-button-text\">Show more<\/span>\n\t\t\t\t\t<\/span>\n\t\t\t\t\t<\/a>\n\t\t\t\t<\/div>\n\t\t\t\t\t\t\t\t<\/div>\n\t\t\t\t<\/div>\n\t\t\t\t<\/div>\n\t\t<div class=\"elementor-element elementor-element-f2d0a4d e-con-full e-flex e-con e-child\" data-id=\"f2d0a4d\" data-element_type=\"container\" data-settings=\"{&quot;background_background&quot;:&quot;classic&quot;,&quot;jet_parallax_layout_list&quot;:[]}\">\n\t\t\t\t<div class=\"elementor-element elementor-element-6d6ef2f elementor-widget elementor-widget-jet-headline\" data-id=\"6d6ef2f\" data-element_type=\"widget\" data-widget_type=\"jet-headline.default\">\n\t\t\t\t<div class=\"elementor-widget-container\">\n\t\t\t\t\t<h2 class=\"jet-headline jet-headline--direction-vertical\"><span class=\"jet-headline__part jet-headline__first\"><span class=\"jet-headline__label\">my child<\/span><\/span><span class=\"jet-headline__part jet-headline__second\"><span class=\"jet-headline__label\">from 11 to 14 years old<\/span><\/span><\/h2>\t\t\t\t<\/div>\n\t\t\t\t<\/div>\n\t\t\t\t<div class=\"elementor-element elementor-element-acb8486 elementor-align-right elementor-widget elementor-widget-button\" data-id=\"acb8486\" data-element_type=\"widget\" data-widget_type=\"button.default\">\n\t\t\t\t<div class=\"elementor-widget-container\">\n\t\t\t\t\t\t\t\t\t<div class=\"elementor-button-wrapper\">\n\t\t\t\t\t<a class=\"elementor-button elementor-button-link elementor-size-sm elementor-animation-shrink\" href=\"https:\/\/lfz.ch\/accueil\/college\/\" target=\"_blank\">\n\t\t\t\t\t\t<span class=\"elementor-button-content-wrapper\">\n\t\t\t\t\t\t\t\t\t<span class=\"elementor-button-text\">Show more<\/span>\n\t\t\t\t\t<\/span>\n\t\t\t\t\t<\/a>\n\t\t\t\t<\/div>\n\t\t\t\t\t\t\t\t<\/div>\n\t\t\t\t<\/div>\n\t\t\t\t<\/div>\n\t\t<div class=\"elementor-element elementor-element-6801859 e-con-full e-flex e-con e-child\" data-id=\"6801859\" data-element_type=\"container\" data-settings=\"{&quot;background_background&quot;:&quot;classic&quot;,&quot;jet_parallax_layout_list&quot;:[]}\">\n\t\t\t\t<div class=\"elementor-element elementor-element-c30c034 elementor-widget elementor-widget-jet-headline\" data-id=\"c30c034\" data-element_type=\"widget\" data-widget_type=\"jet-headline.default\">\n\t\t\t\t<div class=\"elementor-widget-container\">\n\t\t\t\t\t<h2 class=\"jet-headline jet-headline--direction-vertical\"><span class=\"jet-headline__part jet-headline__first\"><span class=\"jet-headline__label\">my child<\/span><\/span><span class=\"jet-headline__part jet-headline__second\"><span class=\"jet-headline__label\">from 15 to 17 years old<\/span><\/span><\/h2>\t\t\t\t<\/div>\n\t\t\t\t<\/div>\n\t\t\t\t<div class=\"elementor-element elementor-element-b2e1203 elementor-align-right elementor-widget elementor-widget-button\" data-id=\"b2e1203\" data-element_type=\"widget\" data-widget_type=\"button.default\">\n\t\t\t\t<div class=\"elementor-widget-container\">\n\t\t\t\t\t\t\t\t\t<div class=\"elementor-button-wrapper\">\n\t\t\t\t\t<a class=\"elementor-button elementor-button-link elementor-size-sm elementor-animation-shrink\" href=\"https:\/\/lfz.ch\/accueil\/lycee\/\" target=\"_blank\">\n\t\t\t\t\t\t<span class=\"elementor-button-content-wrapper\">\n\t\t\t\t\t\t\t\t\t<span class=\"elementor-button-text\">Show more<\/span>\n\t\t\t\t\t<\/span>\n\t\t\t\t\t<\/a>\n\t\t\t\t<\/div>\n\t\t\t\t\t\t\t\t<\/div>\n\t\t\t\t<\/div>\n\t\t\t\t<\/div>\n\t\t\t\t<\/div>\n\t\t\t\t<\/div>\n\t\t\t\t\t<\/div>\n\t\t\t\t<\/div>\n\t\t\t\t<\/div>","protected":false},"excerpt":{"rendered":"<p>Bienvenue\u00a0! Welcome! Herzlich WillkomMen! Le Lyc\u00e9e Fran\u00e7ais devient Lyc\u00e9e Fran\u00e7ais International de Zurich ! Apr\u00e8s 70 ans d&rsquo;existence, l\u2019\u00e9cole \u00e9crit enseptembre 2025 un nouveau chapitre de son histoire, confirmant ainsi son identit\u00e9 internationale, d\u00e9j\u00e0 vivante. PortesOuvertes Mardi3 D\u00c9C. 9h-11h je souhaite m&rsquo;y inscrire Venez visiter l&rsquo;\u00e9tablissement ! Prendre RDV Je souhaite des renseignements pour\u2026 mon [&hellip;]<\/p>","protected":false},"author":3,"featured_media":0,"parent":0,"menu_order":0,"comment_status":"closed","ping_status":"closed","template":"","meta":{"footnotes":""},"class_list":["post-16","page","type-page","status-publish","hentry"],"_links":{"self":[{"href":"https:\/\/join.lfz.ch\/en\/wp-json\/wp\/v2\/pages\/16","targetHints":{"allow":["GET"]}}],"collection":[{"href":"https:\/\/join.lfz.ch\/en\/wp-json\/wp\/v2\/pages"}],"about":[{"href":"https:\/\/join.lfz.ch\/en\/wp-json\/wp\/v2\/types\/page"}],"author":[{"embeddable":true,"href":"https:\/\/join.lfz.ch\/en\/wp-json\/wp\/v2\/users\/3"}],"replies":[{"embeddable":true,"href":"https:\/\/join.lfz.ch\/en\/wp-json\/wp\/v2\/comments?post=16"}],"version-history":[{"count":381,"href":"https:\/\/join.lfz.ch\/en\/wp-json\/wp\/v2\/pages\/16\/revisions"}],"predecessor-version":[{"id":723,"href":"https:\/\/join.lfz.ch\/en\/wp-json\/wp\/v2\/pages\/16\/revisions\/723"}],"wp:attachment":[{"href":"https:\/\/join.lfz.ch\/en\/wp-json\/wp\/v2\/media?parent=16"}],"curies":[{"name":"wp","href":"https:\/\/api.w.org\/{rel}","templated":true}]}}