{"id":569,"date":"2024-10-25T12:18:40","date_gmt":"2024-10-25T10:18:40","guid":{"rendered":"https:\/\/join.lfz.ch\/?page_id=569"},"modified":"2024-10-25T12:33:44","modified_gmt":"2024-10-25T10:33:44","slug":"mention-legales","status":"publish","type":"page","link":"https:\/\/join.lfz.ch\/de\/mention-legales\/","title":{"rendered":"Impressum"},"content":{"rendered":"<div data-elementor-type=\"wp-page\" data-elementor-id=\"569\" class=\"elementor elementor-569\" data-elementor-post-type=\"page\">\n\t\t\t\t<div class=\"elementor-element elementor-element-e80741c e-flex e-con-boxed e-con e-parent\" data-id=\"e80741c\" data-element_type=\"container\" data-settings=\"{&quot;jet_parallax_layout_list&quot;:[]}\">\n\t\t\t\t\t<div class=\"e-con-inner\">\n\t\t\t\t<div class=\"elementor-element elementor-element-03932c4 elementor-widget elementor-widget-heading\" data-id=\"03932c4\" data-element_type=\"widget\" data-widget_type=\"heading.default\">\n\t\t\t\t<div class=\"elementor-widget-container\">\n\t\t\t\t\t<h1 class=\"elementor-heading-title elementor-size-default\">Rechtliche Hinweise<\/h1>\t\t\t\t<\/div>\n\t\t\t\t<\/div>\n\t\t\t\t<div class=\"elementor-element elementor-element-9274c61 elementor-widget elementor-widget-text-editor\" data-id=\"9274c61\" data-element_type=\"widget\" data-widget_type=\"text-editor.default\">\n\t\t\t\t<div class=\"elementor-widget-container\">\n\t\t\t\t\t\t\t\t\t<h2>1 - Bearbeiten der Seite<\/h2><p>Gem\u00e4\u00df Artikel 6 des Gesetzes Nr. 2004 - 575 vom 21. Juni 2004 \u00fcber das Vertrauen in die digitale Wirtschaft wird den Nutzern der Internetseite Folgendes mitgeteilt\u00a0<a href=\"https:\/\/jpo.lfz.ch\/\" target=\"_blank\" rel=\"noopener\" data-saferedirecturl=\"https:\/\/www.google.com\/url?q=https:\/\/jpo.lfz.ch&amp;source=gmail&amp;ust=1729937761825000&amp;usg=AOvVaw2WUzv_vfH-soJT4mnSiwI1\">https:\/\/jpo.lfz.ch<\/a>\u00a0die Identit\u00e4t der verschiedenen Personen, die an seiner Durchf\u00fchrung und Nachbereitung beteiligt sind :<\/p><ul><li>Eigent\u00fcmer der Website : Lyc\u00e9e Fran\u00e7ais de Zurich - Kontakt :\u00a0<a href=\"mailto:dpo@lfz.ch\" target=\"_blank\" rel=\"noopener\">dpo@lfz.ch<\/a><\/li><li>Identifizierung des Unternehmens: Lyc\u00e9e Fran\u00e7ais de Zurich - Z\u00fcrich (Schweiz)<\/li><li>Leiter der Ver\u00f6ffentlichung: Lyc\u00e9e Fran\u00e7ais de Zurich - Kontakt :\u00a0<a href=\"mailto:dpo@lfz.ch\" target=\"_blank\" rel=\"noopener\">dpo@lfz.ch<\/a><\/li><li>Hosting: Hostinger International Ltd., 61 Lordou Vironos str., 6023 Larnaca, Zypern\u00a0<a href=\"mailto:compliance@hostinger.com\" target=\"_blank\" rel=\"noopener\">compliance@hostinger.com<\/a><\/li><li>Delegierter f\u00fcr den Datenschutz : Lyc\u00e9e Fran\u00e7ais de Zurich -\u00a0<a href=\"mailto:dpo@lfz.ch\" target=\"_blank\" rel=\"noopener\">dpo@lfz.ch<\/a><\/li><li>Ersteller der Website : Agence Ekole -\u00a0<a href=\"mailto:contact@ekole.fr\" target=\"_blank\" rel=\"noopener\">contact@ekole.fr<\/a>\u00a0&#8211;\u00a0<a href=\"https:\/\/www.ekole.fr\/\" target=\"_blank\" rel=\"noopener\" data-saferedirecturl=\"https:\/\/www.google.com\/url?q=https:\/\/www.ekole.fr&amp;source=gmail&amp;ust=1729937761825000&amp;usg=AOvVaw2B-Qi6hObhQlgD8orS5eep\">https:\/\/www.ekole.fr<\/a><\/li><li>Bildnachweis: Lyc\u00e9e Fran\u00e7ais de Zurich<\/li><\/ul><h2>2 - Geistiges Eigentum und F\u00e4lschungen<\/h2><p>Lyc\u00e9e Fran\u00e7ais de Zurich ist Eigent\u00fcmer der Rechte am geistigen Eigentum und besitzt die Nutzungsrechte f\u00fcr alle auf der Website zug\u00e4nglichen Elemente, insbesondere Texte, Bilder, Grafiken, Logos, Videos, Architektur, Icons und Sounds.<\/p><p>Jede Vervielf\u00e4ltigung, Darstellung, \u00c4nderung, Ver\u00f6ffentlichung und Anpassung aller oder eines Teils der Elemente der Website, unabh\u00e4ngig von den verwendeten Mitteln oder Verfahren, ist untersagt, es sei denn, es liegt eine vorherige schriftliche Genehmigung des Lyc\u00e9e Fran\u00e7ais de Zurich vor.<\/p><p>Jede nicht genehmigte Nutzung der Website oder eines ihrer Elemente wird als F\u00e4lschung angesehen und gem\u00e4\u00df den Bestimmungen der Artikel L.335 - 2 ff. des franz\u00f6sischen Gesetzbuchs \u00fcber geistiges Eigentum verfolgt.<\/p><h2>3 - Haftungsbeschr\u00e4nkungen<\/h2><p>Lyc\u00e9e Fran\u00e7ais de Zurich haftet nicht f\u00fcr direkte und indirekte Sch\u00e4den an der Hardware des Nutzers, die beim Zugriff auf die Website entstehen.\u00a0<a href=\"https:\/\/jpo.lfz.ch\/\" target=\"_blank\" rel=\"noopener\" data-saferedirecturl=\"https:\/\/www.google.com\/url?q=https:\/\/jpo.lfz.ch&amp;source=gmail&amp;ust=1729937761825000&amp;usg=AOvVaw2WUzv_vfH-soJT4mnSiwI1\">https:\/\/jpo.lfz.ch<\/a>.<\/p><p>Lyc\u00e9e Fran\u00e7ais de Zurich \u00fcbernimmt keine Verantwortung f\u00fcr die Verwendung von Informationen und Inhalten, die auf\u00a0<a href=\"https:\/\/jpo.lfz.ch\/\" target=\"_blank\" rel=\"noopener\" data-saferedirecturl=\"https:\/\/www.google.com\/url?q=https:\/\/jpo.lfz.ch&amp;source=gmail&amp;ust=1729937761825000&amp;usg=AOvVaw2WUzv_vfH-soJT4mnSiwI1\">https:\/\/jpo.lfz.ch<\/a>.<\/p><p>Lyc\u00e9e Fran\u00e7ais de Zurich verpflichtet sich, die Website so gut wie m\u00f6glich zu sichern\u00a0<a href=\"https:\/\/jpo.lfz.ch\/\" target=\"_blank\" rel=\"noopener\" data-saferedirecturl=\"https:\/\/www.google.com\/url?q=https:\/\/jpo.lfz.ch&amp;source=gmail&amp;ust=1729937761825000&amp;usg=AOvVaw2WUzv_vfH-soJT4mnSiwI1\">https:\/\/jpo.lfz.ch<\/a>Sie kann jedoch nicht haftbar gemacht werden, wenn unerw\u00fcnschte Daten ohne ihr Wissen auf ihre Website importiert und installiert werden.<\/p><p>Interaktive Bereiche (Kontakt- oder Kommentarbereich) stehen den Nutzern zur Verf\u00fcgung. Das Lyc\u00e9e Fran\u00e7ais de Zurich beh\u00e4lt sich das Recht vor, ohne vorherige Ank\u00fcndigung jeden in diesem Bereich abgelegten Inhalt zu l\u00f6schen, der gegen die in Frankreich geltenden Gesetze und insbesondere gegen die Bestimmungen zum Datenschutz verst\u00f6\u00dft.<\/p><p>Gegebenenfalls beh\u00e4lt sich das Lyc\u00e9e Fran\u00e7ais de Zurich auch die M\u00f6glichkeit vor, den Nutzer zivil- und\/oder strafrechtlich haftbar zu machen, insbesondere bei rassistischen, beleidigenden, diffamierenden oder pornografischen Mitteilungen, unabh\u00e4ngig von den verwendeten Medien (Text, Fotografie ...).<\/p><h2>4 - CNIL und Umgang mit pers\u00f6nlichen Daten<\/h2><p>Gem\u00e4\u00df den Bestimmungen des Gesetzes 78 - 17 vom 6. Januar 1978 in seiner ge\u00e4nderten Fassung ist der Nutzer der Website\u00a0<a href=\"https:\/\/jpo.lfz.ch\/\" target=\"_blank\" rel=\"noopener\" data-saferedirecturl=\"https:\/\/www.google.com\/url?q=https:\/\/jpo.lfz.ch&amp;source=gmail&amp;ust=1729937761825000&amp;usg=AOvVaw2WUzv_vfH-soJT4mnSiwI1\">https:\/\/jpo.lfz.ch<\/a>\u00a0hat das Recht, auf die gesammelten Informationen zuzugreifen, sie zu \u00e4ndern und zu l\u00f6schen. Um dieses Recht auszu\u00fcben, senden Sie eine Nachricht an unseren Datenschutzbeauftragten : Lyc\u00e9e Fran\u00e7ais de Zurich -\u00a0<a href=\"mailto:dpo@lfz.ch\" target=\"_blank\" rel=\"noopener\">dpo@lfz.ch<\/a>.<\/p><p>F\u00fcr weitere Informationen dar\u00fcber, wie wir Ihre Daten verarbeiten (Art der Daten, Zweck, Empf\u00e4nger...), lesen Sie unsere\u00a0<a href=\"https:\/\/jpo.lfz.ch\/politique-de-confidentialite\/\" target=\"_blank\" rel=\"noopener\" data-saferedirecturl=\"https:\/\/www.google.com\/url?q=https:\/\/jpo.lfz.ch\/politique-de-confidentialite\/&amp;source=gmail&amp;ust=1729937761825000&amp;usg=AOvVaw3yT9UQHz0xzY7dZRdGC9Qu\">Datenschutzrichtlinie<\/a>.<\/p><h2>5 - Hyperlinks und Cookies<\/h2><p>Sie haben die M\u00f6glichkeit, Cookies zu akzeptieren oder abzulehnen, indem Sie die Einstellungen Ihres Browsers \u00e4ndern. Ohne Ihre Zustimmung werden keine Cookies abgelegt.<\/p><p>Cookies werden f\u00fcr maximal 3 Monate gespeichert.<\/p><p>Weitere Informationen dar\u00fcber, wie wir Cookies verwenden, findest du in unserem\u00a0<a href=\"https:\/\/jpo.lfz.ch\/politique-de-confidentialite\/\" target=\"_blank\" rel=\"noopener\" data-saferedirecturl=\"https:\/\/www.google.com\/url?q=https:\/\/jpo.lfz.ch\/politique-de-confidentialite\/&amp;source=gmail&amp;ust=1729937761825000&amp;usg=AOvVaw3yT9UQHz0xzY7dZRdGC9Qu\">Datenschutzrichtlinie<\/a>.<\/p><h2>6 - Anwendbares Recht und Gerichtsstand<\/h2><p>Alle Streitigkeiten im Zusammenhang mit der Nutzung der Website\u00a0<a href=\"https:\/\/jpo.lfz.ch\/\" target=\"_blank\" rel=\"noopener\" data-saferedirecturl=\"https:\/\/www.google.com\/url?q=https:\/\/jpo.lfz.ch&amp;source=gmail&amp;ust=1729937761825000&amp;usg=AOvVaw2WUzv_vfH-soJT4mnSiwI1\">https:\/\/jpo.lfz.ch<\/a>\u00a0unterliegt dem franz\u00f6sischen Recht. Au\u00dfer in F\u00e4llen, in denen dies gesetzlich nicht zul\u00e4ssig ist, wird die ausschlie\u00dfliche Zust\u00e4ndigkeit der zust\u00e4ndigen Gerichte in Z\u00fcrich (Schweiz) vereinbart.<\/p>\t\t\t\t\t\t\t\t<\/div>\n\t\t\t\t<\/div>\n\t\t\t\t\t<\/div>\n\t\t\t\t<\/div>\n\t\t\t\t<\/div>","protected":false},"excerpt":{"rendered":"<p>Mentions l\u00e9gales 1\u2009\u2014\u2009\u00c9dition du site En vertu de l\u2019article 6 de la loi n\u00b0 2004\u2009\u2013\u2009575 du 21 juin 2004 pour la confiance dans l\u2019\u00e9conomie num\u00e9rique, il est pr\u00e9cis\u00e9 aux utilisateurs du site internet\u00a0https:\/\/jpo.lfz.ch\u00a0l\u2019identit\u00e9 des diff\u00e9rents intervenants dans le cadre de sa r\u00e9alisation et de son suivi : Propri\u00e9taire du site : Lyc\u00e9e Fran\u00e7ais de Zurich [&hellip;]<\/p>","protected":false},"author":3,"featured_media":0,"parent":0,"menu_order":0,"comment_status":"closed","ping_status":"closed","template":"","meta":{"footnotes":""},"class_list":["post-569","page","type-page","status-publish","hentry"],"_links":{"self":[{"href":"https:\/\/join.lfz.ch\/de\/wp-json\/wp\/v2\/pages\/569","targetHints":{"allow":["GET"]}}],"collection":[{"href":"https:\/\/join.lfz.ch\/de\/wp-json\/wp\/v2\/pages"}],"about":[{"href":"https:\/\/join.lfz.ch\/de\/wp-json\/wp\/v2\/types\/page"}],"author":[{"embeddable":true,"href":"https:\/\/join.lfz.ch\/de\/wp-json\/wp\/v2\/users\/3"}],"replies":[{"embeddable":true,"href":"https:\/\/join.lfz.ch\/de\/wp-json\/wp\/v2\/comments?post=569"}],"version-history":[{"count":10,"href":"https:\/\/join.lfz.ch\/de\/wp-json\/wp\/v2\/pages\/569\/revisions"}],"predecessor-version":[{"id":600,"href":"https:\/\/join.lfz.ch\/de\/wp-json\/wp\/v2\/pages\/569\/revisions\/600"}],"wp:attachment":[{"href":"https:\/\/join.lfz.ch\/de\/wp-json\/wp\/v2\/media?parent=569"}],"curies":[{"name":"wp","href":"https:\/\/api.w.org\/{rel}","templated":true}]}}